{"id":1452,"date":"2023-12-16T20:36:07","date_gmt":"2023-12-16T20:36:07","guid":{"rendered":"https:\/\/cattery-ayutthaya.nl\/?page_id=1452"},"modified":"2024-04-23T17:24:36","modified_gmt":"2024-04-23T17:24:36","slug":"het-ras","status":"publish","type":"page","link":"https:\/\/cattery-ayutthaya.nl\/?page_id=1452","title":{"rendered":"Het ras"},"content":{"rendered":"<div data-colibri-id=\"1452-c1\" class=\"style-964 style-local-1452-c1 position-relative\">\n  <!---->\n  <div data-colibri-component=\"section\" data-colibri-id=\"1452-c2\" id=\"custom-2\" class=\"h-section h-section-global-spacing d-flex align-items-lg-center align-items-md-center align-items-center style-1095 style-local-1452-c2 position-relative\">\n    <!---->\n    <!---->\n    <div class=\"h-section-grid-container h-section-boxed-container\">\n      <!---->\n      <div data-colibri-id=\"1452-c3\" class=\"h-row-container gutters-row-lg-0 gutters-row-md-0 gutters-row-0 gutters-row-v-lg-0 gutters-row-v-md-0 gutters-row-v-0 style-1096 style-local-1452-c3 position-relative\">\n        <!---->\n        <div class=\"h-row justify-content-lg-center justify-content-md-center justify-content-center align-items-lg-stretch align-items-md-stretch align-items-stretch gutters-col-lg-0 gutters-col-md-0 gutters-col-0 gutters-col-v-lg-0 gutters-col-v-md-0 gutters-col-v-0\">\n          <!---->\n          <div class=\"h-column h-column-container d-flex h-col-lg-auto h-col-md-auto h-col-auto style-1097-outer style-local-1452-c4-outer\">\n            <div data-colibri-id=\"1452-c4\" class=\"d-flex h-flex-basis h-column__inner h-px-lg-0 h-px-md-0 h-px-0 v-inner-lg-0 v-inner-md-0 v-inner-0 style-1097 style-local-1452-c4 position-relative\">\n              <!---->\n              <!---->\n              <div class=\"w-100 h-y-container h-column__content h-column__v-align flex-basis-100 align-self-lg-start align-self-md-start align-self-start\">\n                <!---->\n                <div data-colibri-id=\"1452-c5\" class=\"d-block style-1119 style-local-1452-c5 position-relative h-element\">\n                  <!---->\n                  <div class=\"h-image__frame-container-outer\">\n                    <div class=\"h-image__frame-container\">\n                      <!---->\n                      <!---->\n                      <img decoding=\"async\" width=\"239\" height=\"76\" src=\"https:\/\/cattery-ayutthaya.nl\/wp-content\/uploads\/2024\/02\/het-ras.png\" class=\"wp-image-2785 style-1119-image style-local-1452-c5-image\" alt=\"\" \/>\n                      <div class=\"h-image__frame h-hide-lg h-hide-md h-hide-sm style-1119-frameImage style-local-1452-c5-frameImage\"><\/div>\n                    <\/div>\n                  <\/div>\n                <\/div>\n                <div data-colibri-id=\"1452-c6\" class=\"h-text h-text-component style-1120 style-local-1452-c6 position-relative h-element\">\n                  <!---->\n                  <!---->\n                  <div class=\"\">\n                    <p>De meeste mensen die bij ons een oosterse kort haar kopen hebben eerder in hun leven en oosterse kort haar gehad maar voor de mensen die nog nooit een oosterling hebben gehad willen hier graag een korte uitleg geven Lees hieronder\n                      een beschrijving over het ras En wat het inhoudt om te leven met een oosterse schoonheid.&nbsp;<\/p>\n                  <\/div>\n                <\/div>\n              <\/div>\n            <\/div>\n          <\/div>\n        <\/div>\n      <\/div>\n      <div data-colibri-id=\"1452-c7\" class=\"h-row-container gutters-row-lg-2 gutters-row-md-2 gutters-row-0 gutters-row-v-lg-2 gutters-row-v-md-2 gutters-row-v-2 style-1122 style-local-1452-c7 position-relative\">\n        <!---->\n        <div class=\"h-row justify-content-lg-center justify-content-md-center justify-content-center align-items-lg-stretch align-items-md-stretch align-items-stretch gutters-col-lg-2 gutters-col-md-2 gutters-col-0 gutters-col-v-lg-2 gutters-col-v-md-2 gutters-col-v-2\">\n          <!---->\n          <div class=\"h-column h-column-container d-flex h-col-lg-auto h-col-md-auto h-col-auto style-1123-outer style-local-1452-c8-outer\">\n            <div data-colibri-id=\"1452-c8\" class=\"d-flex h-flex-basis h-column__inner h-px-lg-2 h-px-md-2 h-px-2 v-inner-lg-2 v-inner-md-2 v-inner-2 style-1123 style-local-1452-c8 position-relative\">\n              <!---->\n              <!---->\n              <div class=\"w-100 h-y-container h-column__content h-column__v-align flex-basis-100 align-self-lg-start align-self-md-start align-self-start\">\n                <!---->\n                <div data-colibri-id=\"1452-c9\" class=\"d-block style-1125 style-local-1452-c9 position-relative h-element\">\n                  <!---->\n                  <div class=\"h-image__frame-container-outer\">\n                    <a href=\"https:\/\/cattery-ayutthaya.nl\/wp-content\/uploads\/2024\/02\/allemaal.jpg\" target=\"_blank\" h-use-smooth-scroll=\"true\" class=\"image-link\" rel=\"noopener\">\n                      <div class=\"h-image__frame-container\">\n                        <!---->\n                        <!---->\n                        <img fetchpriority=\"high\" decoding=\"async\" width=\"1526\" height=\"1237\" src=\"https:\/\/cattery-ayutthaya.nl\/wp-content\/uploads\/2024\/02\/allemaal.jpg\" class=\"wp-image-2787 style-1125-image style-local-1452-c9-image\" alt=\"\" srcset=\"https:\/\/cattery-ayutthaya.nl\/wp-content\/uploads\/2024\/02\/allemaal.jpg 1526w, https:\/\/cattery-ayutthaya.nl\/wp-content\/uploads\/2024\/02\/allemaal-300x243.jpg 300w, https:\/\/cattery-ayutthaya.nl\/wp-content\/uploads\/2024\/02\/allemaal-1024x830.jpg 1024w, https:\/\/cattery-ayutthaya.nl\/wp-content\/uploads\/2024\/02\/allemaal-768x623.jpg 768w\" sizes=\"(max-width: 1526px) 100vw, 1526px\" \/>\n                        <div class=\"h-image__frame h-hide-lg h-hide-md h-hide-sm style-1125-frameImage style-local-1452-c9-frameImage\"><\/div>\n                      <\/div>\n                    <\/a>\n                  <\/div>\n                <\/div>\n              <\/div>\n            <\/div>\n          <\/div>\n          <div class=\"h-column h-column-container d-flex h-col-lg-auto h-col-md-auto h-col-auto style-1124-outer style-local-1452-c10-outer\">\n            <div data-colibri-id=\"1452-c10\" class=\"d-flex h-flex-basis h-column__inner h-px-lg-2 h-px-md-2 h-px-2 v-inner-lg-2 v-inner-md-2 v-inner-2 style-1124 style-local-1452-c10 position-relative\">\n              <!---->\n              <!---->\n              <div class=\"w-100 h-y-container h-column__content h-column__v-align flex-basis-100 align-self-lg-start align-self-md-start align-self-start\">\n                <!---->\n                <div data-colibri-id=\"1452-c11\" class=\"h-text h-text-component style-1126 style-local-1452-c11 position-relative h-element\">\n                  <!---->\n                  <!---->\n                  <div class=\"\">\n                    <p>KARAKTER OOSTERS KORTHAAR\/SIAMEES<\/p>\n                    <p>Wanneer je houdt van een extraverte praatgrage opdringerige knuffelkat dan ben je aan het goede adres bij de Oosters Korthaar.<\/p>\n                    <p>Het zijn super actieve katten die niet graag alleen zijn. Het is dan ook van het grootste belang om naast voldoende menselijk contact er een dierenmaatje bij te hebben.<\/p>\n                    <p>De Siamees wordt vaak de hond onder de katten genoemd omdat ze qua karakter erg op een hond lijkt en je ze ook van alles kunt leren. Je kunt ze makkelijk leren om aan een riempje met je mee te wandelen zoals je dat met een hond doet.\n                      De meeste Ori\u00ebntalen vinden het ook geweldig om te apporteren of het nou muisjes zijn, propjes papier of elastiekjes, alles wordt gezien als speelgoed en wordt ook keurig teruggebracht.<\/p>\n                    <p>Het zijn zeer geschikte katten om in een gezin te hebben met kinderen omdat ze qua energie gelijkwaardig zijn en ook houden van stevig knuffelen het is ze niet snel te gek of te druk.<\/p>\n                  <\/div>\n                <\/div>\n              <\/div>\n            <\/div>\n          <\/div>\n        <\/div>\n      <\/div>\n    <\/div>\n  <\/div>\n  <div data-colibri-component=\"section\" data-colibri-id=\"1452-c12\" id=\"custom\" class=\"h-section h-section-global-spacing d-flex align-items-lg-center align-items-md-center align-items-center style-1114 style-local-1452-c12 position-relative\">\n    <!---->\n    <!---->\n    <div class=\"h-section-grid-container h-section-boxed-container\">\n      <!---->\n      <div data-colibri-id=\"1452-c13\" class=\"h-row-container gutters-row-lg-2 gutters-row-md-2 gutters-row-0 gutters-row-v-lg-2 gutters-row-v-md-2 gutters-row-v-2 style-1115 style-local-1452-c13 position-relative\">\n        <!---->\n        <div class=\"h-row justify-content-lg-center justify-content-md-center justify-content-center align-items-lg-stretch align-items-md-stretch align-items-stretch gutters-col-lg-2 gutters-col-md-2 gutters-col-0 gutters-col-v-lg-2 gutters-col-v-md-2 gutters-col-v-2\">\n          <!---->\n          <div class=\"h-column h-column-container d-flex h-col-lg-auto h-col-md-auto h-col-auto style-1116-outer style-local-1452-c14-outer\">\n            <div data-colibri-id=\"1452-c14\" class=\"d-flex h-flex-basis h-column__inner h-px-lg-2 h-px-md-2 h-px-2 v-inner-lg-2 v-inner-md-2 v-inner-2 style-1116 style-local-1452-c14 position-relative\">\n              <!---->\n              <!---->\n              <div class=\"w-100 h-y-container h-column__content h-column__v-align flex-basis-100 align-self-lg-start align-self-md-start align-self-start\">\n                <!---->\n                <div data-colibri-id=\"1452-c15\" class=\"h-text h-text-component style-1131 style-local-1452-c15 position-relative h-element\">\n                  <!---->\n                  <!---->\n                  <div class=\"\">\n                    <p>UITERLIJK OOSTERS KORTHAAR\/SIAMEES<\/p>\n                    <p>Een Siamees is wel een Oosters korthaar, maar een Oosters korthaar hoeft geen Siamees te zijn.<\/p>\n                    <p>Hoe zit dat?<\/p>\n                    <p>Je kunt het vergelijken met het feit dat een inwoner van china uit Azie ko<span style=\"font-weight: 400; font-size: 16px; font-family: &quot;Open Sans&quot;; color: rgb(70, 112, 127);\">mt<\/span>, maar niet iedereen uit Azie is een\n                      inwoner van China.<\/p>\n                    <p>Siamezen en Oosterse kortharen kan en mag je met elkaar kruisen.<\/p>\n                    <p>Het is dan ook goed mogelijk dat er uit twee Siamese ouders Oosterse kortharen geboren worden en andersom.<\/p>\n                    <p>Wat is het verschil:<\/p>\n                    <p>Siamezen hebben altijd blauwe ogen en Oosters kortharen hebben groene ogen.<\/p>\n                    <p>De Siamees is \u00e9\u00e9n van de oudste kattenrassen en is rond 1900 vanuit Thailand ge\u00efmporteerd naar Engeland.<\/p>\n                    <p>Uit de moderne Siamees is door inkruising met andere rassen de Oosters korthaar ontstaan.<\/p>\n                  <\/div>\n                <\/div>\n              <\/div>\n            <\/div>\n          <\/div>\n          <div class=\"h-column h-column-container d-flex h-col-lg-auto h-col-md-auto h-col-auto style-1117-outer style-local-1452-c16-outer\">\n            <div data-colibri-id=\"1452-c16\" class=\"d-flex h-flex-basis h-column__inner h-px-lg-2 h-px-md-2 h-px-2 v-inner-lg-2 v-inner-md-2 v-inner-2 style-1117 style-local-1452-c16 position-relative\">\n              <!---->\n              <!---->\n              <div class=\"w-100 h-y-container h-column__content h-column__v-align flex-basis-100 align-self-lg-start align-self-md-start align-self-start\">\n                <!---->\n                <div data-colibri-id=\"1452-c17\" class=\"d-block style-1132 style-local-1452-c17 position-relative h-element\">\n                  <!---->\n                  <div class=\"h-image__frame-container-outer\">\n                    <a href=\"https:\/\/cattery-ayutthaya.nl\/wp-content\/uploads\/2023\/12\/7525_17ddb3b9-ba47-46b9-945a-25005c47c27f_thb.jpeg\" target=\"_blank\" h-use-smooth-scroll=\"true\" class=\"image-link\" rel=\"noopener\">\n                      <div class=\"h-image__frame-container\">\n                        <!---->\n                        <!---->\n                        <img decoding=\"async\" width=\"739\" height=\"846\" src=\"https:\/\/cattery-ayutthaya.nl\/wp-content\/uploads\/2023\/12\/cropped-7525_17ddb3b9-ba47-46b9-945a-25005c47c27f_thb.jpeg\" class=\"wp-image-1462 style-1132-image style-local-1452-c17-image\" alt=\"\" srcset=\"https:\/\/cattery-ayutthaya.nl\/wp-content\/uploads\/2023\/12\/cropped-7525_17ddb3b9-ba47-46b9-945a-25005c47c27f_thb.jpeg 739w, https:\/\/cattery-ayutthaya.nl\/wp-content\/uploads\/2023\/12\/cropped-7525_17ddb3b9-ba47-46b9-945a-25005c47c27f_thb-262x300.jpeg 262w\" sizes=\"(max-width: 739px) 100vw, 739px\" \/>\n                        <div class=\"h-image__frame h-hide-lg h-hide-md h-hide-sm style-1132-frameImage style-local-1452-c17-frameImage\"><\/div>\n                      <\/div>\n                    <\/a>\n                  <\/div>\n                <\/div>\n              <\/div>\n            <\/div>\n          <\/div>\n        <\/div>\n      <\/div>\n    <\/div>\n  <\/div>\n  <div data-colibri-component=\"section\" data-colibri-id=\"1452-c18\" id=\"custom-3\" class=\"h-section h-section-global-spacing d-flex align-items-lg-center align-items-md-center align-items-center style-1127 style-local-1452-c18 position-relative\">\n    <!---->\n    <!---->\n    <div class=\"h-section-grid-container h-section-boxed-container\">\n      <!---->\n      <div data-colibri-id=\"1452-c19\" class=\"h-row-container gutters-row-lg-2 gutters-row-md-2 gutters-row-0 gutters-row-v-lg-2 gutters-row-v-md-2 gutters-row-v-2 style-1128 style-local-1452-c19 position-relative\">\n        <!---->\n        <div class=\"h-row justify-content-lg-center justify-content-md-center justify-content-center align-items-lg-stretch align-items-md-stretch align-items-stretch gutters-col-lg-2 gutters-col-md-2 gutters-col-0 gutters-col-v-lg-2 gutters-col-v-md-2 gutters-col-v-2\">\n          <!---->\n          <div class=\"h-column h-column-container d-flex h-col-lg-auto h-col-md-auto h-col-auto style-1129-outer style-local-1452-c20-outer\">\n            <div data-colibri-id=\"1452-c20\" class=\"d-flex h-flex-basis h-column__inner h-px-lg-2 h-px-md-2 h-px-2 v-inner-lg-2 v-inner-md-2 v-inner-2 style-1129 style-local-1452-c20 position-relative\">\n              <!---->\n              <!---->\n              <div class=\"w-100 h-y-container h-column__content h-column__v-align flex-basis-100 align-self-lg-start align-self-md-start align-self-start\">\n                <!---->\n                <div data-colibri-id=\"1452-c21\" class=\"d-block style-1098 style-local-1452-c21 position-relative h-element\">\n                  <!---->\n                  <div class=\"h-image__frame-container-outer\">\n                    <a href=\"https:\/\/cattery-ayutthaya.nl\/?page_id=1379\" h-use-smooth-scroll=\"true\" class=\"image-link\">\n                      <div class=\"h-image__frame-container\">\n                        <!---->\n                        <!---->\n                        <img loading=\"lazy\" decoding=\"async\" width=\"260\" height=\"76\" src=\"https:\/\/cattery-ayutthaya.nl\/wp-content\/uploads\/2024\/02\/contact-knop.png\" class=\"wp-image-2530 style-1098-image style-local-1452-c21-image\" alt=\"\" \/>\n                        <div class=\"h-image__frame h-hide-lg h-hide-md h-hide-sm style-1098-frameImage style-local-1452-c21-frameImage\"><\/div>\n                      <\/div>\n                    <\/a>\n                  <\/div>\n                <\/div>\n              <\/div>\n            <\/div>\n          <\/div>\n        <\/div>\n      <\/div>\n    <\/div>\n  <\/div>\n<\/div>","protected":false},"excerpt":{"rendered":"<p>De meeste mensen die bij ons een oosterse kort haar kopen hebben eerder in hun leven en oosterse kort haar gehad maar voor de mensen die nog nooit een oosterling hebben gehad willen hier graag een korte uitleg geven Lees hieronder een beschrijving over het ras En wat het inhoudt om te leven met een [&hellip;]<\/p>\n","protected":false},"author":1,"featured_media":0,"parent":0,"menu_order":0,"comment_status":"closed","ping_status":"closed","template":"page-templates\/full-width-page.php","meta":{"footnotes":""},"class_list":["post-1452","page","type-page","status-publish","hentry"],"_links":{"self":[{"href":"https:\/\/cattery-ayutthaya.nl\/index.php?rest_route=\/wp\/v2\/pages\/1452","targetHints":{"allow":["GET"]}}],"collection":[{"href":"https:\/\/cattery-ayutthaya.nl\/index.php?rest_route=\/wp\/v2\/pages"}],"about":[{"href":"https:\/\/cattery-ayutthaya.nl\/index.php?rest_route=\/wp\/v2\/types\/page"}],"author":[{"embeddable":true,"href":"https:\/\/cattery-ayutthaya.nl\/index.php?rest_route=\/wp\/v2\/users\/1"}],"replies":[{"embeddable":true,"href":"https:\/\/cattery-ayutthaya.nl\/index.php?rest_route=%2Fwp%2Fv2%2Fcomments&post=1452"}],"version-history":[{"count":9,"href":"https:\/\/cattery-ayutthaya.nl\/index.php?rest_route=\/wp\/v2\/pages\/1452\/revisions"}],"predecessor-version":[{"id":3047,"href":"https:\/\/cattery-ayutthaya.nl\/index.php?rest_route=\/wp\/v2\/pages\/1452\/revisions\/3047"}],"wp:attachment":[{"href":"https:\/\/cattery-ayutthaya.nl\/index.php?rest_route=%2Fwp%2Fv2%2Fmedia&parent=1452"}],"curies":[{"name":"wp","href":"https:\/\/api.w.org\/{rel}","templated":true}]}}